{"id":635,"date":"2013-11-30T10:31:11","date_gmt":"2013-11-30T08:31:11","guid":{"rendered":"http:\/\/www.orivedenerasudet.fi\/?page_id=635"},"modified":"2013-11-30T10:31:58","modified_gmt":"2013-11-30T08:31:58","slug":"facebook","status":"publish","type":"page","link":"https:\/\/www.orivedenerasudet.fi\/?page_id=635","title":{"rendered":"Facebook"},"content":{"rendered":"<h2>Lippukunnan Facebook -ryhm\u00e4<\/h2>\n<div>\n<p>Lippukunnan j\u00e4senist\u00f6lle, sek\u00e4 partiolaisten vanhemmille on perustettu <a title=\"oma ryhm\u00e4 Facebookiin\" href=\"https:\/\/www.facebook.com\/groups\/188543127984682\/\" target=\"_blank\">oma ryhm\u00e4 Facebookiin<\/a>. Ryhm\u00e4ss\u00e4 sana on vapaa!<\/p>\n<h2>Lippukunnan Facebook -sivu<\/h2>\n<p>Lippukunta my\u00f6s tiedottaa tapahtumista omalla <a title=\"Facebook-sivullaan\" href=\"https:\/\/www.facebook.com\/orivedenerasudet\" target=\"_blank\">Facebook-sivullaan<\/a>.<\/p>\n<\/div>\n","protected":false},"excerpt":{"rendered":"<p>Lippukunnan Facebook -ryhm\u00e4 Lippukunnan j\u00e4senist\u00f6lle, sek\u00e4 partiolaisten vanhemmille on perustettu oma ryhm\u00e4 Facebookiin. Ryhm\u00e4ss\u00e4 sana on vapaa! Lippukunnan Facebook -sivu Lippukunta my\u00f6s tiedottaa tapahtumista omalla Facebook-sivullaan.<a class=\"more-link\" href=\"https:\/\/www.orivedenerasudet.fi\/?page_id=635\">Lue lis\u00e4\u00e4 \u2192<\/a><\/p>\n","protected":false},"author":2,"featured_media":0,"parent":2,"menu_order":0,"comment_status":"closed","ping_status":"closed","template":"","meta":{"footnotes":""},"class_list":["entry","page","publish","author-ville","post-635"],"_links":{"self":[{"href":"https:\/\/www.orivedenerasudet.fi\/index.php?rest_route=\/wp\/v2\/pages\/635","targetHints":{"allow":["GET"]}}],"collection":[{"href":"https:\/\/www.orivedenerasudet.fi\/index.php?rest_route=\/wp\/v2\/pages"}],"about":[{"href":"https:\/\/www.orivedenerasudet.fi\/index.php?rest_route=\/wp\/v2\/types\/page"}],"author":[{"embeddable":true,"href":"https:\/\/www.orivedenerasudet.fi\/index.php?rest_route=\/wp\/v2\/users\/2"}],"replies":[{"embeddable":true,"href":"https:\/\/www.orivedenerasudet.fi\/index.php?rest_route=%2Fwp%2Fv2%2Fcomments&post=635"}],"version-history":[{"count":1,"href":"https:\/\/www.orivedenerasudet.fi\/index.php?rest_route=\/wp\/v2\/pages\/635\/revisions"}],"predecessor-version":[{"id":636,"href":"https:\/\/www.orivedenerasudet.fi\/index.php?rest_route=\/wp\/v2\/pages\/635\/revisions\/636"}],"up":[{"embeddable":true,"href":"https:\/\/www.orivedenerasudet.fi\/index.php?rest_route=\/wp\/v2\/pages\/2"}],"wp:attachment":[{"href":"https:\/\/www.orivedenerasudet.fi\/index.php?rest_route=%2Fwp%2Fv2%2Fmedia&parent=635"}],"curies":[{"name":"wp","href":"https:\/\/api.w.org\/{rel}","templated":true}]}}