{"id":247,"date":"2012-07-03T10:40:13","date_gmt":"2012-07-03T07:40:13","guid":{"rendered":"http:\/\/www.orivedenerasudet.fi\/?page_id=247"},"modified":"2025-04-21T19:06:44","modified_gmt":"2025-04-21T16:06:44","slug":"yleistietoa","status":"publish","type":"page","link":"https:\/\/www.orivedenerasudet.fi\/?page_id=247","title":{"rendered":"Yleistietoa"},"content":{"rendered":"<p>Oriveden Er\u00e4sudet on Orivedell\u00e4 toimiva yhteislippukunta. Oriveden Er\u00e4sudet -lippukunta syntyi, kun Oriveden Er\u00e4siskot muutti helmikuussa 2010 nimens\u00e4 Oriveden Er\u00e4susiksi. Lippukunnan lyhenne on OriEr.<\/p>\n<h3>Kolo<\/h3>\n<p>Kokoontumispaikkamme eli kolomme sijaitsee Oriveden seurakuntatalon alakerrassa, osoitteessa Latokartanontie 5.<\/p>\n<h3>Kokoontumisajat<\/h3>\n<p>Kaudella 2024-2025 kokoonnumme seuraavasti:<\/p>\n<p><strong>Maanantaisin<\/strong> klo 18 &#8211; 19:30: Sudenpennut, Seikkailijat, Tarpojat ja Samoajat<\/p>\n<h3>J\u00e4senmaksu<\/h3>\n<p>Oriveden Er\u00e4susien j\u00e4senmaksu vuodelle 2025 on 10 euroa. Lis\u00e4ksi tulee maksaa Suomen Partiolaisten (37,50\u20ac) ja H\u00e4meen Partiopiirin (33,00\u20ac) j\u00e4senmaksu. Yhteens\u00e4 n\u00e4ist\u00e4 tulee n. 80 euroa.<\/p>\n","protected":false},"excerpt":{"rendered":"<p>Oriveden Er\u00e4sudet on Orivedell\u00e4 toimiva yhteislippukunta. Oriveden Er\u00e4sudet -lippukunta syntyi, kun Oriveden Er\u00e4siskot muutti helmikuussa 2010 nimens\u00e4 Oriveden Er\u00e4susiksi. Lippukunnan lyhenne on OriEr. Kolo Kokoontumispaikkamme eli kolomme sijaitsee Oriveden seurakuntatalon alakerrassa, osoitteessa Latokartanontie 5. Kokoontumisajat Kaudella 2024-2025 kokoonnumme seuraavasti: Maanantaisin klo 18 &#8211; 19:30: Sudenpennut, Seikkailijat, Tarpojat ja Samoajat J\u00e4senmaksu Oriveden Er\u00e4susien j\u00e4senmaksu vuodelle 2025 on 10 euroa. Lis\u00e4ksi tulee maksaa Suomen Partiolaisten (37,50\u20ac) ja H\u00e4meen Partiopiirin (33,00\u20ac) j\u00e4senmaksu. Yhteens\u00e4 n\u00e4ist\u00e4 tulee n. 80 euroa.<a class=\"more-link\" href=\"https:\/\/www.orivedenerasudet.fi\/?page_id=247\">Lue lis\u00e4\u00e4 \u2192<\/a><\/p>\n","protected":false},"author":2,"featured_media":0,"parent":0,"menu_order":0,"comment_status":"closed","ping_status":"closed","template":"","meta":{"footnotes":""},"class_list":["entry","page","publish","author-ville","post-247"],"_links":{"self":[{"href":"https:\/\/www.orivedenerasudet.fi\/index.php?rest_route=\/wp\/v2\/pages\/247","targetHints":{"allow":["GET"]}}],"collection":[{"href":"https:\/\/www.orivedenerasudet.fi\/index.php?rest_route=\/wp\/v2\/pages"}],"about":[{"href":"https:\/\/www.orivedenerasudet.fi\/index.php?rest_route=\/wp\/v2\/types\/page"}],"author":[{"embeddable":true,"href":"https:\/\/www.orivedenerasudet.fi\/index.php?rest_route=\/wp\/v2\/users\/2"}],"replies":[{"embeddable":true,"href":"https:\/\/www.orivedenerasudet.fi\/index.php?rest_route=%2Fwp%2Fv2%2Fcomments&post=247"}],"version-history":[{"count":15,"href":"https:\/\/www.orivedenerasudet.fi\/index.php?rest_route=\/wp\/v2\/pages\/247\/revisions"}],"predecessor-version":[{"id":1320,"href":"https:\/\/www.orivedenerasudet.fi\/index.php?rest_route=\/wp\/v2\/pages\/247\/revisions\/1320"}],"wp:attachment":[{"href":"https:\/\/www.orivedenerasudet.fi\/index.php?rest_route=%2Fwp%2Fv2%2Fmedia&parent=247"}],"curies":[{"name":"wp","href":"https:\/\/api.w.org\/{rel}","templated":true}]}}