{"id":2,"date":"2018-08-29T11:33:03","date_gmt":"2018-08-29T08:33:03","guid":{"rendered":"http:\/\/mikael.rakettilaiva.fi\/ores_pb\/?page_id=2"},"modified":"2025-04-21T18:40:22","modified_gmt":"2025-04-21T15:40:22","slug":"sample-page","status":"publish","type":"page","link":"https:\/\/www.orivedenerasudet.fi\/?page_id=2","title":{"rendered":"Yhteystiedot"},"content":{"rendered":"<h2>Partiolippukunta Oriveden Er\u00e4sudet<\/h2>\n<h3>Lippukunnanjohtaja<\/h3>\n<p>Arttu Lehti<\/p>\n<p>r2arttu@yahoo.com<\/p>\n<p>040 1929124<\/p>\n<h2>Ryhmien vet\u00e4j\u00e4t<\/h2>\n<h3>Sudenpennut:<\/h3>\n<p>Akelat (sudenpentulauman johtajat)<\/p>\n<p>Arttu Lehti 040 1929124<\/p>\n<h3>Seikkailijat<\/h3>\n<p>Mirka Mustalahti 044 9934101<\/p>\n<h3>Tarpojat ja Samoajat:<\/h3>\n<p>Arttu Lehti 040 1929124<\/p>\n<h3><\/h3>\n<h2>Omien yhteystietojen p\u00e4ivitys<\/h2>\n<p>Suomen Partiolaisten j\u00e4senrekisteriin voit p\u00e4ivitt\u00e4\u00e4 omat yhteystietosi alla olevan linkin kautta:<\/p>\n<p><a title=\"Omien tietojen p\u00e4ivitys\" href=\"http:\/\/kuksa.partio.fi\" target=\"_blank\" rel=\"noopener noreferrer\">Omien tietojen p\u00e4ivitys<\/a><\/p>\n<p>Ilmoita silti uudet yhteystietosi my\u00f6s ryhm\u00e4si johtajalle!<\/p>\n<p>&nbsp;<\/p>\n<p>J\u00e4senrekisterinhoitaja: (J\u00e4senasiat ja kysymykset j\u00e4senyydest\u00e4)<\/p>\n<p>Mirka Mustalahti 044 9934101<\/p>\n<p>&nbsp;<\/p>\n<h2>Lippukunnan tilinumero<\/h2>\n<p>Oriveden Seudun Osuuspankki<\/p>\n<p>FI68 5311 0020 0885 66<\/p>\n","protected":false},"excerpt":{"rendered":"<p>Partiolippukunta Oriveden Er\u00e4sudet Lippukunnanjohtaja Arttu Lehti r2arttu@yahoo.com 040 1929124 Ryhmien vet\u00e4j\u00e4t Sudenpennut: Akelat (sudenpentulauman johtajat) Arttu Lehti 040 1929124 Seikkailijat Mirka Mustalahti 044 9934101 Tarpojat ja Samoajat: Arttu Lehti 040 1929124 Omien yhteystietojen p\u00e4ivitys Suomen Partiolaisten j\u00e4senrekisteriin voit p\u00e4ivitt\u00e4\u00e4 omat yhteystietosi alla olevan linkin kautta: Omien tietojen p\u00e4ivitys Ilmoita silti uudet yhteystietosi my\u00f6s ryhm\u00e4si johtajalle! &nbsp; J\u00e4senrekisterinhoitaja: (J\u00e4senasiat ja kysymykset j\u00e4senyydest\u00e4) Mirka Mustalahti 044 9934101 &nbsp; Lippukunnan tilinumero Oriveden Seudun Osuuspankki FI68 5311 0020 0885 66<a class=\"more-link\" href=\"https:\/\/www.orivedenerasudet.fi\/?page_id=2\">Lue lis\u00e4\u00e4 \u2192<\/a><\/p>\n","protected":false},"author":1,"featured_media":0,"parent":0,"menu_order":0,"comment_status":"closed","ping_status":"closed","template":"","meta":{"footnotes":""},"class_list":["entry","page","publish","author-mikael","post-2"],"_links":{"self":[{"href":"https:\/\/www.orivedenerasudet.fi\/index.php?rest_route=\/wp\/v2\/pages\/2","targetHints":{"allow":["GET"]}}],"collection":[{"href":"https:\/\/www.orivedenerasudet.fi\/index.php?rest_route=\/wp\/v2\/pages"}],"about":[{"href":"https:\/\/www.orivedenerasudet.fi\/index.php?rest_route=\/wp\/v2\/types\/page"}],"author":[{"embeddable":true,"href":"https:\/\/www.orivedenerasudet.fi\/index.php?rest_route=\/wp\/v2\/users\/1"}],"replies":[{"embeddable":true,"href":"https:\/\/www.orivedenerasudet.fi\/index.php?rest_route=%2Fwp%2Fv2%2Fcomments&post=2"}],"version-history":[{"count":56,"href":"https:\/\/www.orivedenerasudet.fi\/index.php?rest_route=\/wp\/v2\/pages\/2\/revisions"}],"predecessor-version":[{"id":1312,"href":"https:\/\/www.orivedenerasudet.fi\/index.php?rest_route=\/wp\/v2\/pages\/2\/revisions\/1312"}],"wp:attachment":[{"href":"https:\/\/www.orivedenerasudet.fi\/index.php?rest_route=%2Fwp%2Fv2%2Fmedia&parent=2"}],"curies":[{"name":"wp","href":"https:\/\/api.w.org\/{rel}","templated":true}]}}